{"id":2567,"date":"2025-08-08T14:16:57","date_gmt":"2025-08-08T14:16:57","guid":{"rendered":"https:\/\/vilastrenders.com\/?page_id=2567"},"modified":"2025-08-10T17:21:27","modified_gmt":"2025-08-10T17:21:27","slug":"nosotros-2","status":"publish","type":"page","link":"https:\/\/vilastrenders.com\/es\/nosotros-2\/","title":{"rendered":"Nosotros"},"content":{"rendered":"\t\t<div data-elementor-type=\"wp-page\" data-elementor-id=\"2567\" class=\"elementor elementor-2567\" data-elementor-post-type=\"page\">\n\t\t\t\t\t\t<section class=\"elementor-section elementor-top-section elementor-element elementor-element-hb45on9 elementor-section-content-middle elementor-reverse-mobile elementor-section-boxed elementor-section-height-default elementor-section-height-default\" data-id=\"hb45on9\" data-element_type=\"section\" data-settings=\"{&quot;background_background&quot;:&quot;classic&quot;}\">\n\t\t\t\t\t\t\t<div class=\"elementor-background-overlay\"><\/div>\n\t\t\t\t\t\t\t<div class=\"elementor-container elementor-column-gap-default\">\n\t\t\t\t\t<div class=\"elementor-column elementor-col-100 elementor-top-column elementor-element elementor-element-217dcf5\" data-id=\"217dcf5\" data-element_type=\"column\">\n\t\t\t<div class=\"elementor-widget-wrap elementor-element-populated\">\n\t\t\t\t\t\t<div class=\"elementor-element elementor-element-f4d1248 elementor-widget elementor-widget-heading\" data-id=\"f4d1248\" data-element_type=\"widget\" data-widget_type=\"heading.default\">\n\t\t\t\t<div class=\"elementor-widget-container\">\n\t\t\t\t\t<h2 class=\"elementor-heading-title elementor-size-default\">Del plano a la imagen: damos vida a tu proyecto.<\/h2>\t\t\t\t<\/div>\n\t\t\t\t<\/div>\n\t\t\t\t<div class=\"elementor-element elementor-element-3ba512b elementor-widget-divider--view-line elementor-widget elementor-widget-divider\" data-id=\"3ba512b\" data-element_type=\"widget\" data-widget_type=\"divider.default\">\n\t\t\t\t<div class=\"elementor-widget-container\">\n\t\t\t\t\t\t\t<div class=\"elementor-divider\">\n\t\t\t<span class=\"elementor-divider-separator\">\n\t\t\t\t\t\t<\/span>\n\t\t<\/div>\n\t\t\t\t\t\t<\/div>\n\t\t\t\t<\/div>\n\t\t\t\t<div class=\"elementor-element elementor-element-980e24a elementor-widget elementor-widget-text-editor\" data-id=\"980e24a\" data-element_type=\"widget\" data-widget_type=\"text-editor.default\">\n\t\t\t\t<div class=\"elementor-widget-container\">\n\t\t\t\t\t\t\t\t\t<p data-start=\"197\" data-end=\"679\">En <strong data-start=\"214\" data-end=\"238\">VILAST RENDERS<\/strong> convertimos ideas en representaciones visuales que cuentan historias. Creamos renders fotorrealistas, panoramas 360\u00ba y recorridos interactivos que permiten explorar cada espacio antes de ser construido. Ya sea una gran intervenci\u00f3n urbana, un desarrollo residencial, un local comercial o un dise\u00f1o interior, cuidamos la luz, los materiales y la composici\u00f3n para que cada imagen transmita la esencia del proyecto y emocione a quien la vea.<\/p>\t\t\t\t\t\t\t\t<\/div>\n\t\t\t\t<\/div>\n\t\t\t\t\t<\/div>\n\t\t<\/div>\n\t\t\t\t\t<\/div>\n\t\t<\/section>\n\t\t\t\t<section class=\"elementor-section elementor-top-section elementor-element elementor-element-apxvstr elementor-section-boxed elementor-section-height-default elementor-section-height-default\" data-id=\"apxvstr\" data-element_type=\"section\" data-settings=\"{&quot;background_background&quot;:&quot;classic&quot;}\">\n\t\t\t\t\t\t<div class=\"elementor-container elementor-column-gap-no\">\n\t\t\t\t\t<div class=\"elementor-column elementor-col-100 elementor-top-column elementor-element elementor-element-3edb3e6\" data-id=\"3edb3e6\" data-element_type=\"column\">\n\t\t\t<div class=\"elementor-widget-wrap elementor-element-populated\">\n\t\t\t\t\t\t<section class=\"elementor-section elementor-inner-section elementor-element elementor-element-7dff22d elementor-section-boxed elementor-section-height-default elementor-section-height-default\" data-id=\"7dff22d\" data-element_type=\"section\">\n\t\t\t\t\t\t<div class=\"elementor-container elementor-column-gap-no\">\n\t\t\t\t\t<div class=\"elementor-column elementor-col-100 elementor-inner-column elementor-element elementor-element-8239038\" data-id=\"8239038\" data-element_type=\"column\">\n\t\t\t<div class=\"elementor-widget-wrap elementor-element-populated\">\n\t\t\t\t\t\t<div class=\"elementor-element elementor-element-3ba1138 elementor-widget__width-initial elementor-widget elementor-widget-heading\" data-id=\"3ba1138\" data-element_type=\"widget\" data-widget_type=\"heading.default\">\n\t\t\t\t<div class=\"elementor-widget-container\">\n\t\t\t\t\t<h2 class=\"elementor-heading-title elementor-size-default\">Conoce al equipo<\/h2>\t\t\t\t<\/div>\n\t\t\t\t<\/div>\n\t\t\t\t<div class=\"elementor-element elementor-element-3142ef1 elementor-widget__width-initial elementor-widget elementor-widget-text-editor\" data-id=\"3142ef1\" data-element_type=\"widget\" data-widget_type=\"text-editor.default\">\n\t\t\t\t<div class=\"elementor-widget-container\">\n\t\t\t\t\t\t\t\t\t<p>Ubicados en Ciudad Aut\u00f3noma de Buenos Aires, Argentina, en Vilast Renders combinamos la pasi\u00f3n por la arquitectura con el deseo de transformar ideas en im\u00e1genes impactantes.<\/p>\t\t\t\t\t\t\t\t<\/div>\n\t\t\t\t<\/div>\n\t\t\t\t\t<\/div>\n\t\t<\/div>\n\t\t\t\t\t<\/div>\n\t\t<\/section>\n\t\t\t\t<section class=\"elementor-section elementor-inner-section elementor-element elementor-element-f18eb3f elementor-section-boxed elementor-section-height-default elementor-section-height-default\" data-id=\"f18eb3f\" data-element_type=\"section\">\n\t\t\t\t\t\t<div class=\"elementor-container elementor-column-gap-no\">\n\t\t\t\t\t<div class=\"elementor-column elementor-col-25 elementor-inner-column elementor-element elementor-element-e6adec4\" data-id=\"e6adec4\" data-element_type=\"column\" data-settings=\"{&quot;background_background&quot;:&quot;classic&quot;}\">\n\t\t\t<div class=\"elementor-widget-wrap elementor-element-populated\">\n\t\t\t\t\t\t<div class=\"elementor-element elementor-element-e805f7f elementor-widget elementor-widget-image\" data-id=\"e805f7f\" data-element_type=\"widget\" data-widget_type=\"image.default\">\n\t\t\t\t<div class=\"elementor-widget-container\">\n\t\t\t\t\t\t\t\t\t\t\t\t\t\t\t<img fetchpriority=\"high\" decoding=\"async\" width=\"634\" height=\"634\" src=\"https:\/\/vilastrenders.com\/wp-content\/uploads\/2025\/08\/WhatsApp-Image-2025-08-09-at-17.32.225-1.jpeg\" class=\"attachment-large size-large wp-image-2727\" alt=\"\" srcset=\"https:\/\/vilastrenders.com\/wp-content\/uploads\/2025\/08\/WhatsApp-Image-2025-08-09-at-17.32.225-1.jpeg 634w, https:\/\/vilastrenders.com\/wp-content\/uploads\/2025\/08\/WhatsApp-Image-2025-08-09-at-17.32.225-1-300x300.jpeg 300w, https:\/\/vilastrenders.com\/wp-content\/uploads\/2025\/08\/WhatsApp-Image-2025-08-09-at-17.32.225-1-150x150.jpeg 150w\" sizes=\"(max-width: 634px) 100vw, 634px\" \/>\t\t\t\t\t\t\t\t\t\t\t\t\t\t\t<\/div>\n\t\t\t\t<\/div>\n\t\t\t\t<div class=\"elementor-element elementor-element-01f0e61 elementor-widget elementor-widget-image-box\" data-id=\"01f0e61\" data-element_type=\"widget\" data-widget_type=\"image-box.default\">\n\t\t\t\t<div class=\"elementor-widget-container\">\n\t\t\t\t\t<div class=\"elementor-image-box-wrapper\"><div class=\"elementor-image-box-content\"><h5 class=\"elementor-image-box-title\">Nahuel S.<\/h5><p class=\"elementor-image-box-description\">Director de Marketing<\/p><\/div><\/div>\t\t\t\t<\/div>\n\t\t\t\t<\/div>\n\t\t\t\t\t<\/div>\n\t\t<\/div>\n\t\t\t\t<div class=\"elementor-column elementor-col-25 elementor-inner-column elementor-element elementor-element-d475267\" data-id=\"d475267\" data-element_type=\"column\" data-settings=\"{&quot;background_background&quot;:&quot;classic&quot;}\">\n\t\t\t<div class=\"elementor-widget-wrap elementor-element-populated\">\n\t\t\t\t\t\t<div class=\"elementor-element elementor-element-65a6136 elementor-widget elementor-widget-image\" data-id=\"65a6136\" data-element_type=\"widget\" data-widget_type=\"image.default\">\n\t\t\t\t<div class=\"elementor-widget-container\">\n\t\t\t\t\t\t\t\t\t\t\t\t\t\t\t<img decoding=\"async\" width=\"1024\" height=\"1024\" src=\"https:\/\/vilastrenders.com\/wp-content\/uploads\/2025\/08\/4-2-1024x1024.png\" class=\"attachment-large size-large wp-image-2547\" alt=\"\" srcset=\"https:\/\/vilastrenders.com\/wp-content\/uploads\/2025\/08\/4-2-1024x1024.png 1024w, https:\/\/vilastrenders.com\/wp-content\/uploads\/2025\/08\/4-2-300x300.png 300w, https:\/\/vilastrenders.com\/wp-content\/uploads\/2025\/08\/4-2-150x150.png 150w, https:\/\/vilastrenders.com\/wp-content\/uploads\/2025\/08\/4-2-768x768.png 768w, https:\/\/vilastrenders.com\/wp-content\/uploads\/2025\/08\/4-2.png 1080w\" sizes=\"(max-width: 1024px) 100vw, 1024px\" \/>\t\t\t\t\t\t\t\t\t\t\t\t\t\t\t<\/div>\n\t\t\t\t<\/div>\n\t\t\t\t<div class=\"elementor-element elementor-element-488daff elementor-widget elementor-widget-image-box\" data-id=\"488daff\" data-element_type=\"widget\" data-widget_type=\"image-box.default\">\n\t\t\t\t<div class=\"elementor-widget-container\">\n\t\t\t\t\t<div class=\"elementor-image-box-wrapper\"><div class=\"elementor-image-box-content\"><h5 class=\"elementor-image-box-title\">Lucas P.<\/h5><p class=\"elementor-image-box-description\">Renderista<\/p><\/div><\/div>\t\t\t\t<\/div>\n\t\t\t\t<\/div>\n\t\t\t\t\t<\/div>\n\t\t<\/div>\n\t\t\t\t<div class=\"elementor-column elementor-col-25 elementor-inner-column elementor-element elementor-element-8c99614\" data-id=\"8c99614\" data-element_type=\"column\" data-settings=\"{&quot;background_background&quot;:&quot;classic&quot;}\">\n\t\t\t<div class=\"elementor-widget-wrap elementor-element-populated\">\n\t\t\t\t\t\t<div class=\"elementor-element elementor-element-2ed02fd elementor-widget elementor-widget-image\" data-id=\"2ed02fd\" data-element_type=\"widget\" data-widget_type=\"image.default\">\n\t\t\t\t<div class=\"elementor-widget-container\">\n\t\t\t\t\t\t\t\t\t\t\t\t\t\t\t<img decoding=\"async\" width=\"706\" height=\"706\" src=\"https:\/\/vilastrenders.com\/wp-content\/uploads\/2025\/08\/F1.jpeg\" class=\"attachment-large size-large wp-image-2548\" alt=\"\" srcset=\"https:\/\/vilastrenders.com\/wp-content\/uploads\/2025\/08\/F1.jpeg 706w, https:\/\/vilastrenders.com\/wp-content\/uploads\/2025\/08\/F1-300x300.jpeg 300w, https:\/\/vilastrenders.com\/wp-content\/uploads\/2025\/08\/F1-150x150.jpeg 150w\" sizes=\"(max-width: 706px) 100vw, 706px\" \/>\t\t\t\t\t\t\t\t\t\t\t\t\t\t\t<\/div>\n\t\t\t\t<\/div>\n\t\t\t\t<div class=\"elementor-element elementor-element-b4b6fc2 elementor-widget elementor-widget-image-box\" data-id=\"b4b6fc2\" data-element_type=\"widget\" data-widget_type=\"image-box.default\">\n\t\t\t\t<div class=\"elementor-widget-container\">\n\t\t\t\t\t<div class=\"elementor-image-box-wrapper\"><div class=\"elementor-image-box-content\"><h5 class=\"elementor-image-box-title\">Franco L.<\/h5><p class=\"elementor-image-box-description\">Renderista<\/p><\/div><\/div>\t\t\t\t<\/div>\n\t\t\t\t<\/div>\n\t\t\t\t\t<\/div>\n\t\t<\/div>\n\t\t\t\t<div class=\"elementor-column elementor-col-25 elementor-inner-column elementor-element elementor-element-85b6183\" data-id=\"85b6183\" data-element_type=\"column\" data-settings=\"{&quot;background_background&quot;:&quot;classic&quot;}\">\n\t\t\t<div class=\"elementor-widget-wrap elementor-element-populated\">\n\t\t\t\t\t\t<div class=\"elementor-element elementor-element-2430362 elementor-widget elementor-widget-image\" data-id=\"2430362\" data-element_type=\"widget\" data-widget_type=\"image.default\">\n\t\t\t\t<div class=\"elementor-widget-container\">\n\t\t\t\t\t\t\t\t\t\t\t\t\t\t\t<img loading=\"lazy\" decoding=\"async\" width=\"1024\" height=\"1024\" src=\"https:\/\/vilastrenders.com\/wp-content\/uploads\/2025\/08\/F2-1024x1024.jpeg\" class=\"attachment-large size-large wp-image-2549\" alt=\"\" srcset=\"https:\/\/vilastrenders.com\/wp-content\/uploads\/2025\/08\/F2-1024x1024.jpeg 1024w, https:\/\/vilastrenders.com\/wp-content\/uploads\/2025\/08\/F2-300x300.jpeg 300w, https:\/\/vilastrenders.com\/wp-content\/uploads\/2025\/08\/F2-150x150.jpeg 150w, https:\/\/vilastrenders.com\/wp-content\/uploads\/2025\/08\/F2-768x768.jpeg 768w, https:\/\/vilastrenders.com\/wp-content\/uploads\/2025\/08\/F2-1536x1536.jpeg 1536w, https:\/\/vilastrenders.com\/wp-content\/uploads\/2025\/08\/F2.jpeg 1080w\" sizes=\"(max-width: 1024px) 100vw, 1024px\" \/>\t\t\t\t\t\t\t\t\t\t\t\t\t\t\t<\/div>\n\t\t\t\t<\/div>\n\t\t\t\t<div class=\"elementor-element elementor-element-72ea03a elementor-widget elementor-widget-image-box\" data-id=\"72ea03a\" data-element_type=\"widget\" data-widget_type=\"image-box.default\">\n\t\t\t\t<div class=\"elementor-widget-container\">\n\t\t\t\t\t<div class=\"elementor-image-box-wrapper\"><div class=\"elementor-image-box-content\"><h5 class=\"elementor-image-box-title\">Nicol\u00e1s. Q.<\/h5><p class=\"elementor-image-box-description\">Renderista<\/p><\/div><\/div>\t\t\t\t<\/div>\n\t\t\t\t<\/div>\n\t\t\t\t\t<\/div>\n\t\t<\/div>\n\t\t\t\t\t<\/div>\n\t\t<\/section>\n\t\t\t\t\t<\/div>\n\t\t<\/div>\n\t\t\t\t\t<\/div>\n\t\t<\/section>\n\t\t<div class=\"elementor-element elementor-element-8172a76 e-flex e-con-boxed e-con e-parent\" data-id=\"8172a76\" data-element_type=\"container\">\n\t\t\t\t\t<div class=\"e-con-inner\">\n\t\t\t\t<div class=\"elementor-element elementor-element-f2d2cef elementor-widget elementor-widget-button\" data-id=\"f2d2cef\" data-element_type=\"widget\" data-widget_type=\"button.default\">\n\t\t\t\t<div class=\"elementor-widget-container\">\n\t\t\t\t\t\t\t\t\t<div class=\"elementor-button-wrapper\">\n\t\t\t\t\t<a class=\"elementor-button elementor-button-link elementor-size-sm\" href=\"https:\/\/api.whatsapp.com\/send\/?phone=5491130060021&#038;text=%C2%A1Hola%21+me+gustar%C3%ADa+mas+info+acerca+de...&#038;type=phone_number&#038;app_absent=0\">\n\t\t\t\t\t\t<span class=\"elementor-button-content-wrapper\">\n\t\t\t\t\t\t<span class=\"elementor-button-icon\">\n\t\t\t\t<svg aria-hidden=\"true\" class=\"e-font-icon-svg e-fab-whatsapp\" viewBox=\"0 0 448 512\" xmlns=\"http:\/\/www.w3.org\/2000\/svg\"><path d=\"M380.9 97.1C339 55.1 283.2 32 223.9 32c-122.4 0-222 99.6-222 222 0 39.1 10.2 77.3 29.6 111L0 480l117.7-30.9c32.4 17.7 68.9 27 106.1 27h.1c122.3 0 224.1-99.6 224.1-222 0-59.3-25.2-115-67.1-157zm-157 341.6c-33.2 0-65.7-8.9-94-25.7l-6.7-4-69.8 18.3L72 359.2l-4.4-7c-18.5-29.4-28.2-63.3-28.2-98.2 0-101.7 82.8-184.5 184.6-184.5 49.3 0 95.6 19.2 130.4 54.1 34.8 34.9 56.2 81.2 56.1 130.5 0 101.8-84.9 184.6-186.6 184.6zm101.2-138.2c-5.5-2.8-32.8-16.2-37.9-18-5.1-1.9-8.8-2.8-12.5 2.8-3.7 5.6-14.3 18-17.6 21.8-3.2 3.7-6.5 4.2-12 1.4-32.6-16.3-54-29.1-75.5-66-5.7-9.8 5.7-9.1 16.3-30.3 1.8-3.7.9-6.9-.5-9.7-1.4-2.8-12.5-30.1-17.1-41.2-4.5-10.8-9.1-9.3-12.5-9.5-3.2-.2-6.9-.2-10.6-.2-3.7 0-9.7 1.4-14.8 6.9-5.1 5.6-19.4 19-19.4 46.3 0 27.3 19.9 53.7 22.6 57.4 2.8 3.7 39.1 59.7 94.8 83.8 35.2 15.2 49 16.5 66.6 13.9 10.7-1.6 32.8-13.4 37.4-26.4 4.6-13 4.6-24.1 3.2-26.4-1.3-2.5-5-3.9-10.5-6.6z\"><\/path><\/svg>\t\t\t<\/span>\n\t\t\t\t\t\t\t\t\t<span class=\"elementor-button-text\">CONTACTAR!<\/span>\n\t\t\t\t\t<\/span>\n\t\t\t\t\t<\/a>\n\t\t\t\t<\/div>\n\t\t\t\t\t\t\t\t<\/div>\n\t\t\t\t<\/div>\n\t\t\t\t\t<\/div>\n\t\t\t\t<\/div>\n\t\t<div class=\"elementor-element elementor-element-dc0d62e e-con-full e-flex e-con e-parent\" data-id=\"dc0d62e\" data-element_type=\"container\">\n\t\t<div class=\"elementor-element elementor-element-1cbf9a6 e-con-full e-flex e-con e-child\" data-id=\"1cbf9a6\" data-element_type=\"container\">\n\t\t\t\t<div class=\"elementor-element elementor-element-7c77525 elementor-widget elementor-widget-text-editor\" data-id=\"7c77525\" data-element_type=\"widget\" data-widget_type=\"text-editor.default\">\n\t\t\t\t<div class=\"elementor-widget-container\">\n\t\t\t\t\t\t\t\t\t<p>Fundada en abril de 2024 por cuatro amigos con experiencia en arquitectura, nuestro objetivo es ayudar a profesionales de la construcci\u00f3n con herramientas visuales de alta calidad.<\/p><p>Nos especializamos en crear renders 3D excepcionales que permiten a nuestros clientes destacar en presentaciones para inversionistas, captar la atenci\u00f3n de clientes finales y realzar sus proyectos en redes sociales. Todo esto de manera \u00e1gil, segura y con un enfoque que minimiza el esfuerzo de su parte, garantizando resultados que inspiran confianza y profesionalismo.<\/p>\t\t\t\t\t\t\t\t<\/div>\n\t\t\t\t<\/div>\n\t\t\t\t<\/div>\n\t\t<div class=\"elementor-element elementor-element-10257da e-con-full e-flex e-con e-child\" data-id=\"10257da\" data-element_type=\"container\">\n\t\t\t\t<div class=\"elementor-element elementor-element-701d236 elementor-widget elementor-widget-image\" data-id=\"701d236\" data-element_type=\"widget\" data-widget_type=\"image.default\">\n\t\t\t\t<div class=\"elementor-widget-container\">\n\t\t\t\t\t\t\t\t\t\t\t\t\t\t\t<img loading=\"lazy\" decoding=\"async\" width=\"1024\" height=\"1024\" src=\"https:\/\/vilastrenders.com\/wp-content\/uploads\/2025\/08\/RRSS_QuintelaN_20250104_RI-2-1024x1024.png\" class=\"attachment-large size-large wp-image-2504\" alt=\"\" srcset=\"https:\/\/vilastrenders.com\/wp-content\/uploads\/2025\/08\/RRSS_QuintelaN_20250104_RI-2-1024x1024.png 1024w, https:\/\/vilastrenders.com\/wp-content\/uploads\/2025\/08\/RRSS_QuintelaN_20250104_RI-2-300x300.png 300w, https:\/\/vilastrenders.com\/wp-content\/uploads\/2025\/08\/RRSS_QuintelaN_20250104_RI-2-150x150.png 150w, https:\/\/vilastrenders.com\/wp-content\/uploads\/2025\/08\/RRSS_QuintelaN_20250104_RI-2-768x768.png 768w, https:\/\/vilastrenders.com\/wp-content\/uploads\/2025\/08\/RRSS_QuintelaN_20250104_RI-2-1536x1536.png 1536w, https:\/\/vilastrenders.com\/wp-content\/uploads\/2025\/08\/RRSS_QuintelaN_20250104_RI-2-2048x2048.png 2048w, https:\/\/vilastrenders.com\/wp-content\/uploads\/2025\/08\/RRSS_QuintelaN_20250104_RI-2.png 1080w\" sizes=\"(max-width: 1024px) 100vw, 1024px\" \/>\t\t\t\t\t\t\t\t\t\t\t\t\t\t\t<\/div>\n\t\t\t\t<\/div>\n\t\t\t\t<\/div>\n\t\t\t\t<\/div>\n\t\t<div class=\"elementor-element elementor-element-ebefb04 e-con-full e-flex e-con e-parent\" data-id=\"ebefb04\" data-element_type=\"container\">\n\t\t<div class=\"elementor-element elementor-element-e72585d e-con-full e-flex e-con e-child\" data-id=\"e72585d\" data-element_type=\"container\">\n\t\t\t\t<div class=\"elementor-element elementor-element-3111e5d elementor-widget elementor-widget-image\" data-id=\"3111e5d\" data-element_type=\"widget\" data-widget_type=\"image.default\">\n\t\t\t\t<div class=\"elementor-widget-container\">\n\t\t\t\t\t\t\t\t\t\t\t\t\t\t\t<img loading=\"lazy\" decoding=\"async\" width=\"1024\" height=\"1024\" src=\"https:\/\/vilastrenders.com\/wp-content\/uploads\/2025\/08\/RRSS_PuglisiL_20250724_RE_11_v01-1024x1024.png\" class=\"attachment-large size-large wp-image-2289\" alt=\"\" srcset=\"https:\/\/vilastrenders.com\/wp-content\/uploads\/2025\/08\/RRSS_PuglisiL_20250724_RE_11_v01-1024x1024.png 1024w, https:\/\/vilastrenders.com\/wp-content\/uploads\/2025\/08\/RRSS_PuglisiL_20250724_RE_11_v01-300x300.png 300w, https:\/\/vilastrenders.com\/wp-content\/uploads\/2025\/08\/RRSS_PuglisiL_20250724_RE_11_v01-150x150.png 150w, https:\/\/vilastrenders.com\/wp-content\/uploads\/2025\/08\/RRSS_PuglisiL_20250724_RE_11_v01-768x768.png 768w, https:\/\/vilastrenders.com\/wp-content\/uploads\/2025\/08\/RRSS_PuglisiL_20250724_RE_11_v01-1536x1536.png 1536w, https:\/\/vilastrenders.com\/wp-content\/uploads\/2025\/08\/RRSS_PuglisiL_20250724_RE_11_v01-2048x2048.png 2048w, https:\/\/vilastrenders.com\/wp-content\/uploads\/2025\/08\/RRSS_PuglisiL_20250724_RE_11_v01.png 1080w\" sizes=\"(max-width: 1024px) 100vw, 1024px\" \/>\t\t\t\t\t\t\t\t\t\t\t\t\t\t\t<\/div>\n\t\t\t\t<\/div>\n\t\t\t\t<\/div>\n\t\t<div class=\"elementor-element elementor-element-e8f4969 e-con-full e-flex e-con e-child\" data-id=\"e8f4969\" data-element_type=\"container\">\n\t\t\t\t<div class=\"elementor-element elementor-element-43b23a9 elementor-widget elementor-widget-text-editor\" data-id=\"43b23a9\" data-element_type=\"widget\" data-widget_type=\"text-editor.default\">\n\t\t\t\t<div class=\"elementor-widget-container\">\n\t\t\t\t\t\t\t\t\t<h2 class=\"wp-block-heading has-text-align-center\">\u00a0<\/h2><div class=\"wp-block-group is-layout-grid wp-container-core-group-is-layout-1 wp-block-group-is-layout-grid\"><p class=\"has-text-align-center has-medium-font-size wp-container-content-1\"><strong>Calidad<\/strong><\/p><p class=\"wp-container-content-2\">Nos esforzamos por entregar im\u00e1genes 3D que superen expectativas, asegurando un alto nivel de detalle y realismo en cada proyecto<\/p><p class=\"wp-container-content-2\">\u00a0<\/p><\/div><div class=\"wp-block-group is-layout-grid wp-container-core-group-is-layout-2 wp-block-group-is-layout-grid\"><p class=\"has-text-align-center has-medium-font-size wp-container-content-3\"><strong>Claridad<\/strong><\/p><p class=\"wp-container-content-4\">Creemos en una comunicaci\u00f3n abierta, \u00e1gil y transparente, acompa\u00f1ando a nuestros clientes en cada paso del proceso<\/p><p class=\"wp-container-content-4\">\u00a0<\/p><\/div><div class=\"wp-block-group is-layout-grid wp-container-core-group-is-layout-3 wp-block-group-is-layout-grid\"><p class=\"has-text-align-center has-medium-font-size wp-container-content-5\"><strong>Confianza<\/strong><\/p><p class=\"wp-container-content-6\">Construimos relaciones s\u00f3lidas basadas en el cumplimiento de nuestros compromisos y un servicio que prioriza las necesidades del cliente<\/p><\/div>\t\t\t\t\t\t\t\t<\/div>\n\t\t\t\t<\/div>\n\t\t\t\t<\/div>\n\t\t\t\t<\/div>\n\t\t\t\t<\/div>\n\t\t","protected":false},"excerpt":{"rendered":"<p>Del plano a la imagen: damos vida a tu proyecto. En VILAST RENDERS convertimos ideas en representaciones visuales que cuentan historias. Creamos renders fotorrealistas, panoramas 360\u00ba y recorridos interactivos que permiten explorar cada espacio antes de ser construido. Ya sea una gran intervenci\u00f3n urbana, un desarrollo residencial, un local comercial o un dise\u00f1o interior, cuidamos [&hellip;]<\/p>\n","protected":false},"author":2,"featured_media":0,"parent":0,"menu_order":2,"comment_status":"closed","ping_status":"closed","template":"","meta":{"site-sidebar-layout":"no-sidebar","site-content-layout":"page-builder","ast-site-content-layout":"full-width-container","site-content-style":"default","site-sidebar-style":"default","ast-global-header-display":"","ast-banner-title-visibility":"","ast-main-header-display":"","ast-hfb-above-header-display":"","ast-hfb-below-header-display":"","ast-hfb-mobile-header-display":"","site-post-title":"disabled","ast-breadcrumbs-content":"","ast-featured-img":"disabled","footer-sml-layout":"","theme-transparent-header-meta":"default","adv-header-id-meta":"","stick-header-meta":"","header-above-stick-meta":"","header-main-stick-meta":"","header-below-stick-meta":"","astra-migrate-meta-layouts":"set","ast-page-background-enabled":"default","ast-page-background-meta":{"desktop":{"background-color":"","background-image":"","background-repeat":"repeat","background-position":"center center","background-size":"auto","background-attachment":"scroll","background-type":"","background-media":"","overlay-type":"","overlay-color":"","overlay-opacity":"","overlay-gradient":""},"tablet":{"background-color":"","background-image":"","background-repeat":"repeat","background-position":"center center","background-size":"auto","background-attachment":"scroll","background-type":"","background-media":"","overlay-type":"","overlay-color":"","overlay-opacity":"","overlay-gradient":""},"mobile":{"background-color":"","background-image":"","background-repeat":"repeat","background-position":"center center","background-size":"auto","background-attachment":"scroll","background-type":"","background-media":"","overlay-type":"","overlay-color":"","overlay-opacity":"","overlay-gradient":""}},"ast-content-background-meta":{"desktop":{"background-color":"var(--ast-global-color-5)","background-image":"","background-repeat":"repeat","background-position":"center center","background-size":"auto","background-attachment":"scroll","background-type":"","background-media":"","overlay-type":"","overlay-color":"","overlay-opacity":"","overlay-gradient":""},"tablet":{"background-color":"var(--ast-global-color-5)","background-image":"","background-repeat":"repeat","background-position":"center center","background-size":"auto","background-attachment":"scroll","background-type":"","background-media":"","overlay-type":"","overlay-color":"","overlay-opacity":"","overlay-gradient":""},"mobile":{"background-color":"var(--ast-global-color-5)","background-image":"","background-repeat":"repeat","background-position":"center center","background-size":"auto","background-attachment":"scroll","background-type":"","background-media":"","overlay-type":"","overlay-color":"","overlay-opacity":"","overlay-gradient":""}},"_joinchat":[],"footnotes":""},"class_list":["post-2567","page","type-page","status-publish","hentry"],"aioseo_notices":[],"_links":{"self":[{"href":"https:\/\/vilastrenders.com\/es\/wp-json\/wp\/v2\/pages\/2567","targetHints":{"allow":["GET"]}}],"collection":[{"href":"https:\/\/vilastrenders.com\/es\/wp-json\/wp\/v2\/pages"}],"about":[{"href":"https:\/\/vilastrenders.com\/es\/wp-json\/wp\/v2\/types\/page"}],"author":[{"embeddable":true,"href":"https:\/\/vilastrenders.com\/es\/wp-json\/wp\/v2\/users\/2"}],"replies":[{"embeddable":true,"href":"https:\/\/vilastrenders.com\/es\/wp-json\/wp\/v2\/comments?post=2567"}],"version-history":[{"count":13,"href":"https:\/\/vilastrenders.com\/es\/wp-json\/wp\/v2\/pages\/2567\/revisions"}],"predecessor-version":[{"id":2762,"href":"https:\/\/vilastrenders.com\/es\/wp-json\/wp\/v2\/pages\/2567\/revisions\/2762"}],"wp:attachment":[{"href":"https:\/\/vilastrenders.com\/es\/wp-json\/wp\/v2\/media?parent=2567"}],"curies":[{"name":"wp","href":"https:\/\/api.w.org\/{rel}","templated":true}]}}